{"id":204,"date":"2024-02-16T22:40:17","date_gmt":"2024-02-16T21:40:17","guid":{"rendered":"https:\/\/kunstundbildung.de\/?page_id=204"},"modified":"2025-03-31T15:08:11","modified_gmt":"2025-03-31T13:08:11","slug":"impressum","status":"publish","type":"page","link":"https:\/\/kunstundbildung.de\/?page_id=204","title":{"rendered":"Impressum"},"content":{"rendered":"\n<p>Anna Jahn<br>Rudolf-Breitscheid-Stra\u00dfe 21, 14482 Potsdam<br><br>Mail: anna.jahn@kunstundbildung.de<br>Telefon: 0171\/6243667<\/p>\n\n\n\n<p><strong>Copyright \u00a9 [2024] [kunstundbildung]. Alle Rechte vorbehalten.<\/strong><\/p>\n\n\n\n<p>Alle Inhalte dieser Website, einschlie\u00dflich Texte, Bilder, Grafiken und Design, sind urheberrechtlich gesch\u00fctzt. Eine Vervielf\u00e4ltigung, Verbreitung oder anderweitige Nutzung der Inhalte ist ohne ausdr\u00fcckliche Genehmigung des Urhebers nicht gestattet.<\/p>\n\n\n\n<p><\/p>\n","protected":false},"excerpt":{"rendered":"<p>Anna JahnRudolf-Breitscheid-Stra\u00dfe 21, 14482 Potsdam Mail: anna.jahn@kunstundbildung.deTelefon: 0171\/6243667 Copyright \u00a9 [2024] [kunstundbildung]. Alle Rechte vorbehalten. Alle Inhalte dieser Website, einschlie\u00dflich Texte, Bilder, Grafiken und Design, sind urheberrechtlich gesch\u00fctzt. Eine Vervielf\u00e4ltigung, Verbreitung oder anderweitige Nutzung der Inhalte ist ohne ausdr\u00fcckliche Genehmigung des Urhebers nicht gestattet.<\/p>\n","protected":false},"author":1,"featured_media":0,"parent":0,"menu_order":0,"comment_status":"closed","ping_status":"closed","template":"","meta":{"site-sidebar-layout":"default","site-content-layout":"","ast-site-content-layout":"default","site-content-style":"default","site-sidebar-style":"default","ast-global-header-display":"","ast-banner-title-visibility":"","ast-main-header-display":"","ast-hfb-above-header-display":"","ast-hfb-below-header-display":"","ast-hfb-mobile-header-display":"","site-post-title":"","ast-breadcrumbs-content":"","ast-featured-img":"","footer-sml-layout":"","ast-disable-related-posts":"","theme-transparent-header-meta":"","adv-header-id-meta":"","stick-header-meta":"","header-above-stick-meta":"","header-main-stick-meta":"","header-below-stick-meta":"","astra-migrate-meta-layouts":"default","ast-page-background-enabled":"default","ast-page-background-meta":{"desktop":{"background-color":"var(--ast-global-color-4)","background-image":"","background-repeat":"repeat","background-position":"center center","background-size":"auto","background-attachment":"scroll","background-type":"","background-media":"","overlay-type":"","overlay-color":"","overlay-opacity":"","overlay-gradient":""},"tablet":{"background-color":"","background-image":"","background-repeat":"repeat","background-position":"center center","background-size":"auto","background-attachment":"scroll","background-type":"","background-media":"","overlay-type":"","overlay-color":"","overlay-opacity":"","overlay-gradient":""},"mobile":{"background-color":"","background-image":"","background-repeat":"repeat","background-position":"center center","background-size":"auto","background-attachment":"scroll","background-type":"","background-media":"","overlay-type":"","overlay-color":"","overlay-opacity":"","overlay-gradient":""}},"ast-content-background-meta":{"desktop":{"background-color":"var(--ast-global-color-5)","background-image":"","background-repeat":"repeat","background-position":"center center","background-size":"auto","background-attachment":"scroll","background-type":"","background-media":"","overlay-type":"","overlay-color":"","overlay-opacity":"","overlay-gradient":""},"tablet":{"background-color":"var(--ast-global-color-5)","background-image":"","background-repeat":"repeat","background-position":"center center","background-size":"auto","background-attachment":"scroll","background-type":"","background-media":"","overlay-type":"","overlay-color":"","overlay-opacity":"","overlay-gradient":""},"mobile":{"background-color":"var(--ast-global-color-5)","background-image":"","background-repeat":"repeat","background-position":"center center","background-size":"auto","background-attachment":"scroll","background-type":"","background-media":"","overlay-type":"","overlay-color":"","overlay-opacity":"","overlay-gradient":""}},"footnotes":""},"class_list":["post-204","page","type-page","status-publish","hentry"],"rttpg_featured_image_url":null,"rttpg_author":{"display_name":"wordpress","author_link":"https:\/\/kunstundbildung.de\/?author=1"},"rttpg_comment":0,"rttpg_category":null,"rttpg_excerpt":"Anna JahnRudolf-Breitscheid-Stra\u00dfe 21, 14482 Potsdam Mail: anna.jahn@kunstundbildung.deTelefon: 0171\/6243667 Copyright \u00a9 [2024] [kunstundbildung]. Alle Rechte vorbehalten. Alle Inhalte dieser Website, einschlie\u00dflich Texte, Bilder, Grafiken und Design, sind urheberrechtlich gesch\u00fctzt. Eine Vervielf\u00e4ltigung, Verbreitung oder anderweitige Nutzung der Inhalte ist ohne ausdr\u00fcckliche Genehmigung des Urhebers nicht gestattet.","_links":{"self":[{"href":"https:\/\/kunstundbildung.de\/index.php?rest_route=\/wp\/v2\/pages\/204","targetHints":{"allow":["GET"]}}],"collection":[{"href":"https:\/\/kunstundbildung.de\/index.php?rest_route=\/wp\/v2\/pages"}],"about":[{"href":"https:\/\/kunstundbildung.de\/index.php?rest_route=\/wp\/v2\/types\/page"}],"author":[{"embeddable":true,"href":"https:\/\/kunstundbildung.de\/index.php?rest_route=\/wp\/v2\/users\/1"}],"replies":[{"embeddable":true,"href":"https:\/\/kunstundbildung.de\/index.php?rest_route=%2Fwp%2Fv2%2Fcomments&post=204"}],"version-history":[{"count":3,"href":"https:\/\/kunstundbildung.de\/index.php?rest_route=\/wp\/v2\/pages\/204\/revisions"}],"predecessor-version":[{"id":452,"href":"https:\/\/kunstundbildung.de\/index.php?rest_route=\/wp\/v2\/pages\/204\/revisions\/452"}],"wp:attachment":[{"href":"https:\/\/kunstundbildung.de\/index.php?rest_route=%2Fwp%2Fv2%2Fmedia&parent=204"}],"curies":[{"name":"wp","href":"https:\/\/api.w.org\/{rel}","templated":true}]}}